{"id":318,"date":"2025-05-06T13:15:20","date_gmt":"2025-05-06T11:15:20","guid":{"rendered":"https:\/\/www.seo-conseil.com\/?page_id=318"},"modified":"2025-05-06T13:15:20","modified_gmt":"2025-05-06T11:15:20","slug":"consultante-sea-generez-trafic-rapidement-boostez-vos-conversions-avec-de-la-publicite-en-ligne","status":"publish","type":"page","link":"https:\/\/www.seo-conseil.com\/fr\/consultante-sea-generez-trafic-rapidement-boostez-vos-conversions-avec-de-la-publicite-en-ligne\/","title":{"rendered":"Consultante SEA : G\u00e9n\u00e9rez du trafic rapidement et boostez vos conversions avec la publicit\u00e9 en ligne"},"content":{"rendered":"\n<h2 class=\"wp-block-heading\">Vous perdez chaque jour des ventes parce que<\/h2>\n\n\n\n<p>\u2716\ufe0f Votre site reste invisible face \u00e0 vos concurrents, qui eux ma\u00eetrisent les codes du digital.<br>\u2716\ufe0f Vous n\u2019avez pas le temps, ni l\u2019envie, de plonger dans la complexit\u00e9 des plateformes publicitaires.<br>\u2716\ufe0f Votre budget pub s\u2019\u00e9vapore sans retour concret, faute de strat\u00e9gie claire.<br>\u2716\ufe0f Vous h\u00e9sitez \u00e0 investir, de peur que cela ne vous rapporte\u2026 rien.<br>\u2716\ufe0f Vos campagnes tournent, mais elles n\u2019apportent pas les r\u00e9sultats attendus.<\/p>\n\n\n\n<h2 class=\"wp-block-heading\">Ce que je vous propose : de vraies campagnes qui rapportent<\/h2>\n\n\n\n<p>Je suis consultante ind\u00e9pendante en acquisition digitale, avec plus de 5 ans d\u2019exp\u00e9rience sur le terrain. Ma sp\u00e9cialit\u00e9 ? Cr\u00e9er, optimiser et piloter des campagnes publicitaires rentables sur Google Ads et Microsoft Ads.<\/p>\n\n\n\n<h3 class=\"wp-block-heading\">Mon approche : strat\u00e9gie, pilotage et r\u00e9sultats<\/h3>\n\n\n\n<p>Pas de mod\u00e8le tout fait. Chaque business est unique, alors chaque strat\u00e9gie l\u2019est aussi.<br>Je travaille avec une logique 100% orient\u00e9e performance :<br>\ud83c\udfaf Audit de vos campagnes actuelles ou cr\u00e9ation from scratch.<br>\ud83c\udfaf Construction d\u2019une strat\u00e9gie multi-plateformes sur-mesure.<br>\ud83c\udfaf Mise en place de tout le tracking (GTM, GA4, conversions) pour piloter avec pr\u00e9cision.<br>\ud83c\udfaf Optimisations continues (CPC, ciblage, annonces, tests A\/B, exclusions\u2026) pour faire d\u00e9coller vos r\u00e9sultats.<\/p>\n\n\n\n<h2 class=\"wp-block-heading\">Pourquoi me confier vos campagnes SEA ?<\/h2>\n\n\n\n<p>\u2705 Parce que vous avez mieux \u00e0 faire que de devenir expert Google Ads du jour au lendemain. Vous avez votre business \u00e0 faire \u00e9voluer et l&rsquo;acquisition c\u2019est mon m\u00e9tier.<br>\u2705 Parce que vous voulez arr\u00eater de jeter votre budget par les fen\u00eatres.<br>\u2705 Et surtout\u2026 parce que vous voulez des r\u00e9sultats mesurables, rapides et durables.<\/p>\n\n\n\n<p>\ud83d\udcbc Je interviens \u00e0 vos c\u00f4tes et pas Google Partners. Je suis votre avocat et mon objectif est de vous faire augmenter votre ROI et vos marges pas les actions de Google \ud83d\ude09<\/p>\n\n\n\n<p>Pr\u00eat\u00b7e \u00e0 booster votre acquisition ?<\/p>\n\n\n\n<p>R\u00e9servez un appel pour qu\u2019on en parle. Et voyons ce qu\u2019on peut faire pour faire passer vos campagnes dans une autre dimension.<\/p>\n","protected":false},"excerpt":{"rendered":"<p>Vous perdez chaque jour des ventes parce que \u2716\ufe0f Votre site reste invisible face \u00e0 vos concurrents, qui eux ma\u00eetrisent les codes du digital.\u2716\ufe0f Vous n\u2019avez pas le temps, ni l\u2019envie, de plonger dans la complexit\u00e9 des plateformes publicitaires.\u2716\ufe0f Votre budget pub s\u2019\u00e9vapore sans retour concret, faute de strat\u00e9gie claire.\u2716\ufe0f Vous h\u00e9sitez \u00e0 investir, de peur que cela ne vous rapporte\u2026 rien.\u2716\ufe0f Vos campagnes tournent, &hellip; <\/p>\n","protected":false},"author":1,"featured_media":0,"parent":0,"menu_order":0,"comment_status":"closed","ping_status":"closed","template":"","meta":{"_monsterinsights_skip_tracking":false,"_monsterinsights_sitenote_active":false,"_monsterinsights_sitenote_note":"","_monsterinsights_sitenote_category":0,"footnotes":""},"class_list":["post-318","page","type-page","status-publish","hentry","grid-sizer","latest_post"],"aioseo_notices":[],"_links":{"self":[{"href":"https:\/\/www.seo-conseil.com\/fr\/wp-json\/wp\/v2\/pages\/318","targetHints":{"allow":["GET"]}}],"collection":[{"href":"https:\/\/www.seo-conseil.com\/fr\/wp-json\/wp\/v2\/pages"}],"about":[{"href":"https:\/\/www.seo-conseil.com\/fr\/wp-json\/wp\/v2\/types\/page"}],"author":[{"embeddable":true,"href":"https:\/\/www.seo-conseil.com\/fr\/wp-json\/wp\/v2\/users\/1"}],"replies":[{"embeddable":true,"href":"https:\/\/www.seo-conseil.com\/fr\/wp-json\/wp\/v2\/comments?post=318"}],"version-history":[{"count":3,"href":"https:\/\/www.seo-conseil.com\/fr\/wp-json\/wp\/v2\/pages\/318\/revisions"}],"predecessor-version":[{"id":473,"href":"https:\/\/www.seo-conseil.com\/fr\/wp-json\/wp\/v2\/pages\/318\/revisions\/473"}],"wp:attachment":[{"href":"https:\/\/www.seo-conseil.com\/fr\/wp-json\/wp\/v2\/media?parent=318"}],"curies":[{"name":"wp","href":"https:\/\/api.w.org\/{rel}","templated":true}]}}