{"id":312,"date":"2025-05-06T12:37:04","date_gmt":"2025-05-06T10:37:04","guid":{"rendered":"https:\/\/www.seo-conseil.com\/?page_id=312"},"modified":"2025-05-06T12:37:05","modified_gmt":"2025-05-06T10:37:05","slug":"expert-seo-boostez-visibilite-sur-google","status":"publish","type":"page","link":"http:\/\/www.seo-conseil.com\/pt\/expert-seo-boostez-visibilite-sur-google\/","title":{"rendered":"Expert SEO : Boostez votre visibilit\u00e9 sur Google"},"content":{"rendered":"<p>Le SEO, c\u2019est l\u2019un des piliers incontournables de toute strat\u00e9gie d&rsquo;acquisition digitale. Parce que Google reste la premi\u00e8re porte d\u2019entr\u00e9e sur le web. Si vos pages ne sont pas visibles dans les premiers r\u00e9sultats, c\u2019est comme si elles n\u2019existaient pas. Travailler son r\u00e9f\u00e9rencement, c\u2019est donc bien plus qu\u2019une option : c\u2019est ce qui vous permet d\u2019attirer un trafic qualifi\u00e9, d\u2019augmenter votre notori\u00e9t\u00e9, et au final\u2026 de g\u00e9n\u00e9rer plus de clients. En 2025, on ne peut donc plus s&rsquo;en passer \ud83d\ude09<\/p>\n\n\n\n<h2 class=\"wp-block-heading\">Qu\u2019est-ce qu\u2019un expert SEO freelance ?<\/h2>\n\n\n\n<p>Petit rappel pour bien poser le d\u00e9cor : un expert SEO, c\u2019est un consultant du r\u00e9f\u00e9rencement naturel. Son r\u00f4le ? Identifier ce qui freine la visibilit\u00e9 d\u2019un site sur Google, poser un diagnostic, puis proposer les bonnes actions \u00e0 mettre en place pour booster le trafic, et surtout, attirer les bons visiteurs, ceux qui ont un vrai potentiel de conversion.<\/p>\n\n\n\n<p>Dans mon cas, en plus de recommandations th\u00e9oriques, je passe \u00e0 l\u2019action. Je mets les mains dans le cambouis pour corriger directement les points bloquants, optimiser vos contenus, am\u00e9liorer la technique\u2026 bref, je vous accompagne de fa\u00e7on concr\u00e8te et op\u00e9rationnelle, pour que le SEO devienne un vrai levier d\u2019acquisition (et pas juste un sujet de to-do qui tra\u00eene depuis des mois !).<\/p>\n\n\n\n<h2 class=\"wp-block-heading\">Boostez votre visibilit\u00e9 avec une consultante SEO 100% orient\u00e9e croissance<\/h2>\n\n\n\n<p>Le SEO, ce n\u2019est pas (juste) des mots-cl\u00e9s et des backlinks. C\u2019est un vrai levier business. Que vous vendiez en ligne ou cherchiez \u00e0 g\u00e9n\u00e9rer des leads qualifi\u00e9s, je construis avec vous une strat\u00e9gie SEO sur-mesure, pens\u00e9e pour durer\u2026 et surtout pour convertir.<\/p>\n\n\n\n<h3 class=\"wp-block-heading\">Concr\u00e8tement, je fais quoi pour vous ?<\/h3>\n\n\n\n<p>Je vous accompagne de A \u00e0 Z pour faire d\u00e9coller votre site sur Google :<br>\ud83c\udfaf Audit technique et analyse s\u00e9mantique : on commence par d\u00e9tecter les freins \u00e0 la performance et les opportunit\u00e9s de positionnement.<br>\ud83c\udfaf Optimisation on-site : j\u2019am\u00e9liore vos contenus, vos balises, votre arborescence, bref tout ce que Google (et vos utilisateurs) regardent en premier.<br>\ud83c\udfaf Strat\u00e9gie de contenu &amp; netlinking : j\u2019alimente votre site avec des contenus qui r\u00e9pondent aux vraies intentions de recherche, tout en renfor\u00e7ant votre popularit\u00e9 avec des backlinks de qualit\u00e9.<br>\ud83c\udfaf Suivi et ajustements r\u00e9guliers : parce que le SEO, ce n\u2019est jamais fig\u00e9, je pilote les r\u00e9sultats et j\u2019ajuste la strat\u00e9gie en continu.<br>\ud83c\udfaf Suivi positionnement : je travaille avec SE Ranking pour suivre l&rsquo;\u00e9volution de votre indexation et positionnement sur google. C\u2019est un outil tr\u00e8s abouti et le meilleur rapport qualit\u00e9 prix.<\/p>\n\n\n\n<p>\ud83d\udca5 Mon objectif : du trafic qualifi\u00e9 ET des r\u00e9sultats concrets !<\/p>\n\n\n\n<blockquote class=\"wp-block-quote is-layout-flow wp-block-quote-is-layout-flow\">\n<p>Un bon positionnement, c\u2019est bien. Mais ce que vous cherchez vraiment, c\u2019est plus de clients, plus de demandes entrantes, et plus de chiffre d\u2019affaires. Mon job, c\u2019est justement de transformer votre site web en moteur de croissance, avoir un regard orient\u00e9 business.<\/p>\n<\/blockquote>\n\n\n\n<h3 class=\"wp-block-heading\">Une expertise SEO align\u00e9e avec votre secteur<\/h3>\n\n\n\n<p>E-commerce, g\u00e9n\u00e9ration de leads, local ou national : je m\u2019adapte \u00e0 votre r\u00e9alit\u00e9. Je travaille avec des PME de toute la France depuis plus de 15 ans, en combinant mon expertise SEA &amp; SEO pour des strat\u00e9gies d\u2019acquisition 360\u00b0 vraiment rentables.<\/p>\n\n\n\n<p>Bas\u00e9e \u00e0 Nice (et tr\u00e8s connect\u00e9e \ud83d\ude09), je travaille en totale autonomie ou en collaboration avec vos \u00e9quipes marketing\/d\u00e9veloppement.<\/p>\n\n\n\n<h2 class=\"wp-block-heading\">Pourquoi me choisir comme votre consultante SEO ?<\/h2>\n\n\n\n<p>\u2b50 +15 ans d\u2019exp\u00e9rience sur des projets vari\u00e9s : sant\u00e9, ameublement, formation, food, tech\u2026<br>\u2b50 Une approche ROIste du SEO, ancr\u00e9e dans le marketing digital global<br>\u2b50 Des r\u00e9sultats concrets, mesurables et surtout compr\u00e9hensibles pour vous<br>\u2b50 Une vraie p\u00e9dagogie pour que vous sachiez exactement ce qu\u2019on fait, pourquoi, et ce que \u00e7a vous rapporte<\/p>","protected":false},"excerpt":{"rendered":"<p>L&rsquo;expert SEO, c\u2019est un consultant du r\u00e9f\u00e9rencement naturel. Il Identifie ce qui freine la visibilit\u00e9 d\u2019un site sur les moteurs de recherche, pose un diagnostic, puis propose les bonnes actions \u00e0 mettre en place pour booster le trafic.<\/p>","protected":false},"author":1,"featured_media":0,"parent":0,"menu_order":0,"comment_status":"closed","ping_status":"closed","template":"","meta":{"_monsterinsights_skip_tracking":false,"_monsterinsights_sitenote_active":false,"_monsterinsights_sitenote_note":"","_monsterinsights_sitenote_category":0,"footnotes":""},"class_list":["post-312","page","type-page","status-publish","hentry","grid-sizer","latest_post"],"aioseo_notices":[],"_links":{"self":[{"href":"http:\/\/www.seo-conseil.com\/pt\/wp-json\/wp\/v2\/pages\/312","targetHints":{"allow":["GET"]}}],"collection":[{"href":"http:\/\/www.seo-conseil.com\/pt\/wp-json\/wp\/v2\/pages"}],"about":[{"href":"http:\/\/www.seo-conseil.com\/pt\/wp-json\/wp\/v2\/types\/page"}],"author":[{"embeddable":true,"href":"http:\/\/www.seo-conseil.com\/pt\/wp-json\/wp\/v2\/users\/1"}],"replies":[{"embeddable":true,"href":"http:\/\/www.seo-conseil.com\/pt\/wp-json\/wp\/v2\/comments?post=312"}],"version-history":[{"count":9,"href":"http:\/\/www.seo-conseil.com\/pt\/wp-json\/wp\/v2\/pages\/312\/revisions"}],"predecessor-version":[{"id":471,"href":"http:\/\/www.seo-conseil.com\/pt\/wp-json\/wp\/v2\/pages\/312\/revisions\/471"}],"wp:attachment":[{"href":"http:\/\/www.seo-conseil.com\/pt\/wp-json\/wp\/v2\/media?parent=312"}],"curies":[{"name":"wp","href":"https:\/\/api.w.org\/{rel}","templated":true}]}}