{"id":276,"date":"2025-03-19T15:59:12","date_gmt":"2025-03-19T14:59:12","guid":{"rendered":"https:\/\/www.seo-conseil.com\/?page_id=276"},"modified":"2025-10-01T15:59:42","modified_gmt":"2025-10-01T13:59:42","slug":"sobre_mim","status":"publish","type":"page","link":"http:\/\/www.seo-conseil.com\/pt\/sobre_mim\/","title":{"rendered":"Sobre mim"},"content":{"rendered":"<p>Meu nome \u00e9 Sabrina Surel, carioca, orgulhosa millennial e m\u00e3e feliz de dois meninos maravilhosos. Moro na Fran\u00e7a h\u00e1 vinte ano. Primeiramente, em Paris e desde de 2006 na cidade de Nice, onde constru\u00ed uma vida feliz e uma carreira s\u00f3lida em marketing digital desde 2007.<\/p>\n\n\n\n<p>Mon parcours est atypique : avant de plonger dans le web marketing, j&rsquo;ai \u00e9volu\u00e9 dans un tout autre univers, celui de l\u2019organisation d\u2019expositions d\u2019art et de festivals de cin\u00e9ma au Br\u00e9sil.<\/p>\n\n\n\n<p>Ao longo dos anos, assumi v\u00e1rios pap\u00e9is: Traffic Manager, respons\u00e1vel por SEO, especialista em aquisi\u00e7\u00e3o SEO &amp; SEA, at\u00e9 dar o salto para o empreendedorismo como consultora freelance especializada em Google Ads e aquisi\u00e7\u00e3o digital.<\/p>\n\n\n\n<h2 class=\"wp-block-heading\">Minha vis\u00e3o sobre marketing digital<\/h2>\n\n\n\n<p>Como bil\u00edngue portugu\u00eas-franc\u00eas, eu n\u00e3o s\u00f3 traduzo palavras, mas tamb\u00e9m culturas, expectativas e estrat\u00e9gias. Para meus clientes lus\u00f3fonos, isso significa campanhas mais alinhadas ao mercado europeu, menos ru\u00eddo na comunica\u00e7\u00e3o e muito mais efici\u00eancia.\n\nCom anos de experi\u00eancia do lado do anunciante, entendo de perto os desafios da aquisi\u00e7\u00e3o digital: visibilidade, estrat\u00e9gia, rentabilidade, fideliza\u00e7\u00e3o, ROI. Hoje, ajudo meus clientes a transformar investimento digital em crescimento sustent\u00e1vel.<\/p>\n\n\n\n<p class=\"has-black-color has-text-color has-link-color wp-elements-6e44dbaf02ac14cb4c70838e3a72f2f2\">Je mets en place une strat\u00e9gie holistique qui associ\u00e9 le <a href=\"\/pt\/meus_servicos\/\" title=\"SEO et le SEA \">SEO et le SEA <\/a>pour maximiser la performance des campagnes, donc vos ventes, et la fid\u00e9lisation des clients. Sp\u00e9cialiste du e-commerce, je ma\u00eetrise les \u00e9cosyst\u00e8mes WooCommerce, PrestaShop et Shopify sur le bout des doigts. Je suis aussi \u00e0 l&rsquo;aise dans l&rsquo;optimisation CRM pour les clients qui vendent des services.<\/p>\n\n\n\n<h2 class=\"wp-block-heading\">E a IA nisso tudo?<\/h2>\n\n\n\n<p>Hoje, a intelig\u00eancia artificial est\u00e1 revolucionando as campanhas publicit\u00e1rias. Google Ads, Bing e Meta j\u00e1 oferecem solu\u00e7\u00f5es automatizadas superpotentes, capazes de lan\u00e7ar campanhas em minutos, sem precisar de grandes conhecimentos em marketing digital.<\/p>\n\n\n\n<p>Mas a verdadeira diferen\u00e7a n\u00e3o est\u00e1 s\u00f3 na tecnologia: est\u00e1 na estrat\u00e9gia, na an\u00e1lise e na otimiza\u00e7\u00e3o cont\u00ednua que fazem os resultados decolarem. Esse olhar estrat\u00e9gico, essa capacidade de antecipar e ajustar em tempo real, s\u00f3 algu\u00e9m experiente pode oferecer.<\/p>\n\n\n\n<p>Mais do que nunca, \u00e9 essencial contar com um especialista com vis\u00e3o hol\u00edstica do digital, que entende SEO e SEA para transformar aquisi\u00e7\u00e3o em crescimento real. Uma expertise completa que garante resultados positivos e duradouros.<\/p>\n\n\n\n<p>E \u00e9 a\u00ed que eu entro em jogo.<\/p>\n\n\n\n<p>Quer conversar sobre isso? Bora marcar! \ud83d\ude80<\/p>\n\n\n\n<p>\u2e3b<\/p>\n\n\n\n<p><\/p>","protected":false},"excerpt":{"rendered":"<p>Especialista em e-commerce, domino os ecossistemas WooCommerce, PrestaShop e Shopify como ningu\u00e9m. Gerencio e piloto campanhas publicit\u00e1rias (Google Ads, Microsoft Ads, Amazon, Pinterest, META), otimizo fichas de produto, gerencio fluxos, integro CRM e configuro tracking. Eu implemento uma estrat\u00e9gia hol\u00edstica que combina SEO e SEA para maximizar o desempenho das campanhas, aumentar suas vendas e fidelizar seus clientes.<\/p>","protected":false},"author":1,"featured_media":506,"parent":0,"menu_order":0,"comment_status":"closed","ping_status":"closed","template":"templates\/about.php","meta":{"_monsterinsights_skip_tracking":false,"_monsterinsights_sitenote_active":false,"_monsterinsights_sitenote_note":"","_monsterinsights_sitenote_category":0,"footnotes":""},"class_list":["post-276","page","type-page","status-publish","has-post-thumbnail","hentry","grid-sizer","latest_post"],"aioseo_notices":[],"_links":{"self":[{"href":"http:\/\/www.seo-conseil.com\/pt\/wp-json\/wp\/v2\/pages\/276","targetHints":{"allow":["GET"]}}],"collection":[{"href":"http:\/\/www.seo-conseil.com\/pt\/wp-json\/wp\/v2\/pages"}],"about":[{"href":"http:\/\/www.seo-conseil.com\/pt\/wp-json\/wp\/v2\/types\/page"}],"author":[{"embeddable":true,"href":"http:\/\/www.seo-conseil.com\/pt\/wp-json\/wp\/v2\/users\/1"}],"replies":[{"embeddable":true,"href":"http:\/\/www.seo-conseil.com\/pt\/wp-json\/wp\/v2\/comments?post=276"}],"version-history":[{"count":5,"href":"http:\/\/www.seo-conseil.com\/pt\/wp-json\/wp\/v2\/pages\/276\/revisions"}],"predecessor-version":[{"id":570,"href":"http:\/\/www.seo-conseil.com\/pt\/wp-json\/wp\/v2\/pages\/276\/revisions\/570"}],"wp:featuredmedia":[{"embeddable":true,"href":"http:\/\/www.seo-conseil.com\/pt\/wp-json\/wp\/v2\/media\/506"}],"wp:attachment":[{"href":"http:\/\/www.seo-conseil.com\/pt\/wp-json\/wp\/v2\/media?parent=276"}],"curies":[{"name":"wp","href":"https:\/\/api.w.org\/{rel}","templated":true}]}}