{"id":276,"date":"2025-03-19T15:59:12","date_gmt":"2025-03-19T14:59:12","guid":{"rendered":"https:\/\/www.seo-conseil.com\/?page_id=276"},"modified":"2025-10-01T15:59:42","modified_gmt":"2025-10-01T13:59:42","slug":"a-propos-de-moi","status":"publish","type":"page","link":"http:\/\/www.seo-conseil.com\/fr\/a-propos-de-moi\/","title":{"rendered":"\u00c0 propos de moi"},"content":{"rendered":"\n<p>Je m\u2019appelle Sabrina Surel, une Br\u00e9silienne pur jus, fi\u00e8re Millennial et heureuse maman de deux gar\u00e7ons merveilleux. N\u00e9e \u00e0 Rio de Janeiro, j\u2019ai eu la chance de poser mes valises \u00e0 Nice. O\u00f9 je construis depuis une vie heureuse et une carri\u00e8re dans le marketing digital depuis 2007.<\/p>\n\n\n\n<p>Mon parcours est atypique : avant de plonger dans le web marketing, j&rsquo;ai \u00e9volu\u00e9 dans un tout autre univers, celui de l\u2019organisation d\u2019expositions d\u2019art et de festivals de cin\u00e9ma au Br\u00e9sil.<\/p>\n\n\n\n<p>Au fil des ann\u00e9es, j\u2019ai enfil\u00e9 plusieurs casquettes : Traffic Manager, Responsable SEO, Experte Acquisition SEO &amp; SEA, avant de franchir le cap de l\u2019entrepreneuriat en devenant consultante freelance sp\u00e9cialis\u00e9e en Google Ads et acquisition digitale.<\/p>\n\n\n\n<h2 class=\"wp-block-heading\">Ma vision du marketing digital<\/h2>\n\n\n\n<p>J\u2019ai pass\u00e9 une grande partie de ma carri\u00e8re chez l\u2019annonceur, au c\u0153ur des probl\u00e9matiques des entreprises. J\u2019ai donc une compr\u00e9hension fine des d\u00e9fis li\u00e9s \u00e0 l\u2019acquisition : manque de visibilit\u00e9, mauvaise strat\u00e9gie publicitaire, campagnes ch\u00e8res, rentabilit\u00e9 du trafic, fid\u00e9lisation, ROI\u2026 autant de sujets sur lesquels j\u2019accompagne aujourd\u2019hui mes clients pour transformer leur investissement digital en croissance durable.<\/p>\n\n\n\n<p class=\"has-black-color has-text-color has-link-color wp-elements-6e44dbaf02ac14cb4c70838e3a72f2f2\">Je mets en place une strat\u00e9gie holistique qui associ\u00e9 le <a href=\"\/service\/\" title=\"SEO et le SEA \">SEO et le SEA <\/a>pour maximiser la performance des campagnes, donc vos ventes, et la fid\u00e9lisation des clients. Sp\u00e9cialiste du e-commerce, je ma\u00eetrise les \u00e9cosyst\u00e8mes WooCommerce, PrestaShop et Shopify sur le bout des doigts. Je suis aussi \u00e0 l&rsquo;aise dans l&rsquo;optimisation CRM pour les clients qui vendent des services.<\/p>\n\n\n\n<h2 class=\"wp-block-heading\">Et l\u2019IA dans tout \u00e7a ?<\/h2>\n\n\n\n<p>Aujourd\u2019hui, l\u2019intelligence artificielle r\u00e9volutionne les campagnes publicitaires. Google Ads, Bing et Meta proposent d\u00e9sormais des solutions automatis\u00e9es ultra-performantes, capables de lancer une campagne en quelques minutes, sans n\u00e9cessiter de comp\u00e9tences sp\u00e9cifiques en marketing digital.<\/p>\n\n\n\n<p>Mais la vraie diff\u00e9rence ne se joue pas uniquement sur la technologie : c\u2019est la strat\u00e9gie, l\u2019analyse et l\u2019optimisation continue qui font exploser les r\u00e9sultats. Ce mindset, cette capacit\u00e9 \u00e0 anticiper et ajuster en temps r\u00e9el, seule une personne exp\u00e9riment\u00e9e peut l\u2019apporter.<\/p>\n\n\n\n<p>Plus que jamais, il est essentiel de s\u2019appuyer sur un expert avec une vision holistique du web, capable de comprendre les d\u00e9fis du SEO et du SEA pour les mettre au service de l\u2019acquisition. Une expertise compl\u00e8te qui garantit des r\u00e9sultats positifs et durables.<\/p>\n\n\n\n<p>Et c\u2019est l\u00e0 que j\u2019interviens.<\/p>\n\n\n\n<p>Envie d\u2019en discuter ? Parlons-en ! \ud83d\ude80<\/p>\n\n\n\n<p>\u2e3b<\/p>\n\n\n\n<p><\/p>\n","protected":false},"excerpt":{"rendered":"<p>Sp\u00e9cialiste du e-commerce, je ma\u00eetrise les \u00e9cosyst\u00e8mes WooCommerce, PrestaShop et Shopify sur le bout des doigts. Gestion et pilotage des campagnes publicitaires (Google Ads, Microsoft Ads, Amazon, Pinterest, META), optimisation des fiches produits, gestion des flux, int\u00e9gration CRM, tracking\u2026 Je mets en place une strat\u00e9gie holistique qui associ\u00e9 le SEO et le SEA pour maximiser la performance des campagnes, donc vos ventes, et la fid\u00e9lisation des clients.<\/p>\n","protected":false},"author":1,"featured_media":506,"parent":0,"menu_order":0,"comment_status":"closed","ping_status":"closed","template":"templates\/about.php","meta":{"_monsterinsights_skip_tracking":false,"_monsterinsights_sitenote_active":false,"_monsterinsights_sitenote_note":"","_monsterinsights_sitenote_category":0,"footnotes":""},"class_list":["post-276","page","type-page","status-publish","has-post-thumbnail","hentry","grid-sizer","latest_post"],"aioseo_notices":[],"_links":{"self":[{"href":"http:\/\/www.seo-conseil.com\/fr\/wp-json\/wp\/v2\/pages\/276","targetHints":{"allow":["GET"]}}],"collection":[{"href":"http:\/\/www.seo-conseil.com\/fr\/wp-json\/wp\/v2\/pages"}],"about":[{"href":"http:\/\/www.seo-conseil.com\/fr\/wp-json\/wp\/v2\/types\/page"}],"author":[{"embeddable":true,"href":"http:\/\/www.seo-conseil.com\/fr\/wp-json\/wp\/v2\/users\/1"}],"replies":[{"embeddable":true,"href":"http:\/\/www.seo-conseil.com\/fr\/wp-json\/wp\/v2\/comments?post=276"}],"version-history":[{"count":5,"href":"http:\/\/www.seo-conseil.com\/fr\/wp-json\/wp\/v2\/pages\/276\/revisions"}],"predecessor-version":[{"id":570,"href":"http:\/\/www.seo-conseil.com\/fr\/wp-json\/wp\/v2\/pages\/276\/revisions\/570"}],"wp:featuredmedia":[{"embeddable":true,"href":"http:\/\/www.seo-conseil.com\/fr\/wp-json\/wp\/v2\/media\/506"}],"wp:attachment":[{"href":"http:\/\/www.seo-conseil.com\/fr\/wp-json\/wp\/v2\/media?parent=276"}],"curies":[{"name":"wp","href":"https:\/\/api.w.org\/{rel}","templated":true}]}}