{"id":191,"date":"2025-03-13T17:20:19","date_gmt":"2025-03-13T16:20:19","guid":{"rendered":"https:\/\/www.seo-conseil.com\/service\/"},"modified":"2025-05-27T06:17:52","modified_gmt":"2025-05-27T04:17:52","slug":"service","status":"publish","type":"page","link":"http:\/\/www.seo-conseil.com\/fr\/service\/","title":{"rendered":"Services SEO &amp; SEA"},"content":{"rendered":"\n<p>Boostez votre croissance digitale avec une consultante d\u00e9di\u00e9e \u00e0 votre r\u00e9ussite<\/p>\n\n\n\n<p>Le digital est un levier de croissance puissant, \u00e0 condition d\u2019\u00eatre utilis\u00e9 avec pr\u00e9cision, sinc\u00e9rit\u00e9 et une vraie compr\u00e9hension de vos enjeux business.<\/p>\n\n\n\n<p>En tant que consultante en acquisition digitale, je vous accompagne avec une approche personnalis\u00e9e et pragmatique, ax\u00e9e sur la performance et la rentabilit\u00e9.<\/p>\n\n\n\n<p>Une approche sur-mesure, bas\u00e9e sur l\u2019efficacit\u00e9 et la transparence.<\/p>\n\n\n\n<p>Je crois en une publicit\u00e9 digitale efficace, mais pas \u00e0 n\u2019importe quel prix. Chaque euro investi doit g\u00e9n\u00e9rer un retour mesurable et optimis\u00e9. C\u2019est pourquoi je mets en place des strat\u00e9gies data-driven, avec un suivi pr\u00e9cis et des recommandations 100 % actionnables.<\/p>\n\n\n\n<p>Ma mission : vous aider \u00e0 atteindre vos objectifs d\u2019acquisition et de conversion, tout en respectant votre budget et vos ambitions.<\/p>\n\n\n\n<p>Un partenariat fond\u00e9 sur la collaboration et la confiance<\/p>\n\n\n\n<p>Travailler ensemble, c\u2019est avancer main dans la main. Je ne suis pas l\u00e0 pour vous imposer des solutions toutes faites, mais pour b\u00e2tir avec vous une strat\u00e9gie digitale performante et adapt\u00e9e \u00e0 votre march\u00e9.<\/p>\n\n\n\n<p>Si vous cherchez une experte engag\u00e9e, honn\u00eate et proactive, pr\u00eate \u00e0 optimiser votre acquisition digitale et \u00e0 booster votre rentabilit\u00e9, discutons de votre projet d\u00e8s aujourd\u2019hui.<\/p>\n","protected":false},"excerpt":{"rendered":"<p>Une approche sur-mesure, bas\u00e9e sur l\u2019efficacit\u00e9 et la transparence.<\/p>\n<p>Je crois en une publicit\u00e9 digitale efficace, mais pas \u00e0 n\u2019importe quel prix. Chaque euro investi doit g\u00e9n\u00e9rer un retour mesurable et optimis\u00e9. C\u2019est pourquoi je mets en place des strat\u00e9gies data-driven, avec un suivi pr\u00e9cis et des recommandations 100 % actionnables.<\/p>\n","protected":false},"author":1,"featured_media":0,"parent":0,"menu_order":0,"comment_status":"closed","ping_status":"closed","template":"templates\/service.php","meta":{"_monsterinsights_skip_tracking":false,"_monsterinsights_sitenote_active":false,"_monsterinsights_sitenote_note":"","_monsterinsights_sitenote_category":0,"footnotes":""},"class_list":["post-191","page","type-page","status-publish","hentry","grid-sizer","latest_post"],"aioseo_notices":[],"_links":{"self":[{"href":"http:\/\/www.seo-conseil.com\/fr\/wp-json\/wp\/v2\/pages\/191","targetHints":{"allow":["GET"]}}],"collection":[{"href":"http:\/\/www.seo-conseil.com\/fr\/wp-json\/wp\/v2\/pages"}],"about":[{"href":"http:\/\/www.seo-conseil.com\/fr\/wp-json\/wp\/v2\/types\/page"}],"author":[{"embeddable":true,"href":"http:\/\/www.seo-conseil.com\/fr\/wp-json\/wp\/v2\/users\/1"}],"replies":[{"embeddable":true,"href":"http:\/\/www.seo-conseil.com\/fr\/wp-json\/wp\/v2\/comments?post=191"}],"version-history":[{"count":8,"href":"http:\/\/www.seo-conseil.com\/fr\/wp-json\/wp\/v2\/pages\/191\/revisions"}],"predecessor-version":[{"id":560,"href":"http:\/\/www.seo-conseil.com\/fr\/wp-json\/wp\/v2\/pages\/191\/revisions\/560"}],"wp:attachment":[{"href":"http:\/\/www.seo-conseil.com\/fr\/wp-json\/wp\/v2\/media?parent=191"}],"curies":[{"name":"wp","href":"https:\/\/api.w.org\/{rel}","templated":true}]}}